{"id":979,"date":"2022-01-30T15:24:34","date_gmt":"2022-01-30T15:24:34","guid":{"rendered":"http:\/\/mrsoftart.com\/?page_id=979"},"modified":"2025-01-25T02:38:56","modified_gmt":"2025-01-25T02:38:56","slug":"app","status":"publish","type":"page","link":"https:\/\/mrsoftart.com\/ro\/app\/","title":{"rendered":"App"},"content":{"rendered":"<div class=\"fusion-fullwidth fullwidth-box fusion-builder-row-1 fusion-flex-container nonhundred-percent-fullwidth non-hundred-percent-height-scrolling\" style=\"--awb-border-radius-top-left:0px;--awb-border-radius-top-right:0px;--awb-border-radius-bottom-right:0px;--awb-border-radius-bottom-left:0px;\" ><div class=\"fusion-builder-row fusion-row fusion-flex-align-items-flex-start\" style=\"max-width:1216.8px;margin-left: calc(-4% \/ 2 );margin-right: calc(-4% \/ 2 );\"><div class=\"fusion-layout-column fusion_builder_column fusion-builder-column-0 fusion_builder_column_1_2 1_2 fusion-flex-column\" style=\"--awb-padding-right:36px;--awb-bg-size:cover;--awb-width-large:50%;--awb-margin-top-large:0px;--awb-spacing-right-large:0.768%;--awb-margin-bottom-large:0px;--awb-spacing-left-large:3.84%;--awb-width-medium:100%;--awb-order-medium:0;--awb-spacing-right-medium:1.92%;--awb-spacing-left-medium:1.92%;--awb-width-small:100%;--awb-order-small:0;--awb-spacing-right-small:1.92%;--awb-spacing-left-small:1.92%;\"><div class=\"fusion-column-wrapper fusion-column-has-shadow fusion-flex-justify-content-flex-start fusion-content-layout-column\"><div class=\"fusion-image-element \" style=\"text-align:left;--awb-caption-title-font-family:var(--h2_typography-font-family);--awb-caption-title-font-weight:var(--h2_typography-font-weight);--awb-caption-title-font-style:var(--h2_typography-font-style);--awb-caption-title-size:var(--h2_typography-font-size);--awb-caption-title-transform:var(--h2_typography-text-transform);--awb-caption-title-line-height:var(--h2_typography-line-height);--awb-caption-title-letter-spacing:var(--h2_typography-letter-spacing);\"><span class=\" fusion-imageframe imageframe-none imageframe-1 hover-type-none\" class=\"image-magnify\" class=\"image-scroll\"><img decoding=\"async\" width=\"300\" height=\"300\" title=\"H3c40aa94848d4f1985e33a59797330cb5\" src=\"https:\/\/mrsoftart.com\/wp-content\/uploads\/2022\/01\/H3c40aa94848d4f1985e33a59797330cb5.png\" data-orig-src=\"http:\/\/mrsoftart.com\/wp-content\/uploads\/2022\/01\/H3c40aa94848d4f1985e33a59797330cb5-300x300.png\" alt class=\"lazyload img-responsive wp-image-983\" srcset=\"data:image\/svg+xml,%3Csvg%20xmlns%3D%27http%3A%2F%2Fwww.w3.org%2F2000%2Fsvg%27%20width%3D%27800%27%20height%3D%27800%27%20viewBox%3D%270%200%20800%20800%27%3E%3Crect%20width%3D%27800%27%20height%3D%27800%27%20fill-opacity%3D%220%22%2F%3E%3C%2Fsvg%3E\" data-srcset=\"https:\/\/mrsoftart.com\/wp-content\/uploads\/2022\/01\/H3c40aa94848d4f1985e33a59797330cb5-200x200.png 200w, https:\/\/mrsoftart.com\/wp-content\/uploads\/2022\/01\/H3c40aa94848d4f1985e33a59797330cb5-400x400.png 400w, https:\/\/mrsoftart.com\/wp-content\/uploads\/2022\/01\/H3c40aa94848d4f1985e33a59797330cb5-600x600.png 600w, https:\/\/mrsoftart.com\/wp-content\/uploads\/2022\/01\/H3c40aa94848d4f1985e33a59797330cb5.png 800w\" data-sizes=\"auto\" data-orig-sizes=\"(max-width: 1020px) 100vw, (max-width: 640px) 100vw, 600px\" \/><\/span><\/div><\/div><\/div><div class=\"fusion-layout-column fusion_builder_column fusion-builder-column-1 fusion_builder_column_1_2 1_2 fusion-flex-column\" style=\"--awb-bg-size:cover;--awb-width-large:50%;--awb-margin-top-large:0px;--awb-spacing-right-large:3.84%;--awb-margin-bottom-large:20px;--awb-spacing-left-large:0%;--awb-width-medium:100%;--awb-order-medium:0;--awb-spacing-right-medium:1.92%;--awb-spacing-left-medium:1.92%;--awb-width-small:100%;--awb-order-small:0;--awb-spacing-right-small:1.92%;--awb-spacing-left-small:1.92%;\"><div class=\"fusion-column-wrapper fusion-column-has-shadow fusion-flex-justify-content-flex-start fusion-content-layout-column\"><div class=\"fusion-text fusion-text-1\"><h2>Dezvoltare aplicatii Android<\/h2>\n<p>Echipa noastra dezvolta aplicatii pentru pietele B2B\/B2E si B2C. Aplicatiile dezvoltate de noi ajuta companiile sa-si extinda acoperirea la milioane de utilizatori Android, sa construiasca noi surse de profit si sa se diferentieze pe piata.<\/p>\n<p>De la analize de piata la livrarea de aplicatii pregatite pentru descarcare din Google Play Store si utilizare, oferim servicii complete de dezvoltare aplicatii pentru Android.<\/p>\n<p><strong>Servicii oferite:<\/strong><\/p>\n<div class=\"mobile_app_dev_wrap_option\">\n<ul class=\"paddingLeft20\">\n<li>Dezvoltare aplicatii specifice pentru Android<\/li>\n<li>UX\/UI design pentru Android<\/li>\n<li>Design si scalare aplicatie Android<\/li>\n<li>Extindere de echipe pentru proiecte specifice prin alocarea de developeri cu experienta<\/li>\n<\/ul>\n<\/div>\n<\/div><div style=\"text-align:center;\"><a class=\"fusion-button button-flat fusion-button-default-size button-default fusion-button-default button-1 fusion-button-default-span fusion-button-default-type\" target=\"_self\" href=\"http:\/\/mrsoftart.com\/contact\/\"><span class=\"fusion-button-text\">Contacteaz\u0103-ne<\/span><\/a><\/div><\/div><\/div><div class=\"fusion-layout-column fusion_builder_column fusion-builder-column-2 fusion_builder_column_1_2 1_2 fusion-flex-column\" style=\"--awb-bg-size:cover;--awb-width-large:50%;--awb-margin-top-large:0px;--awb-spacing-right-large:3.84%;--awb-margin-bottom-large:20px;--awb-spacing-left-large:3.84%;--awb-width-medium:100%;--awb-order-medium:0;--awb-spacing-right-medium:1.92%;--awb-spacing-left-medium:1.92%;--awb-width-small:100%;--awb-order-small:0;--awb-spacing-right-small:1.92%;--awb-spacing-left-small:1.92%;\"><div class=\"fusion-column-wrapper fusion-column-has-shadow fusion-flex-justify-content-flex-start fusion-content-layout-column\"><div class=\"fusion-text fusion-text-2\"><h2>Dezvoltare aplicatii iOS<\/h2>\n<p>Daca vrei sa lucrezi cu o echipa profesionista ca sa transformi un concept de business intr-o aplicatie iOS functionala, sa creezi o interfata intuitiva si sa oferi o experienta optima la utilizare, sau daca ai nevoie de servicii pentru intregul ciclu de dezvoltare al aplicatiilor mobile &#8211; noi suntem partenerul potrivit pentru tine.<\/p>\n<p>Avem expertiza extinsa in dezvoltarea de aplicatii iOS cu functionalitati performante, capabile sa raspunda instant asteptarilor utilizatorilor.<\/p>\n<p><strong>Servicii oferite:<\/strong><\/p>\n<ul class=\"paddingLeft20 p-0\">\n<li>Servicii de dezvoltare aplicatii iPhone<\/li>\n<li>Servicii de dezvoltare aplicatii iPad<\/li>\n<li>Aplicatii pentru Apple TV si alte device-uri smart<\/li>\n<li>Extindere de echipe pentru proiecte specifice prin alocarea de developeri cu experienta<\/li>\n<\/ul>\n<\/div><div style=\"text-align:center;\"><a class=\"fusion-button button-flat fusion-button-default-size button-default fusion-button-default button-2 fusion-button-default-span fusion-button-default-type\" target=\"_self\" href=\"http:\/\/mrsoftart.com\/contact\/\"><span class=\"fusion-button-text\">Contacteaz\u0103-ne<\/span><\/a><\/div><\/div><\/div><div class=\"fusion-layout-column fusion_builder_column fusion-builder-column-3 fusion_builder_column_1_2 1_2 fusion-flex-column\" style=\"--awb-bg-size:cover;--awb-width-large:50%;--awb-margin-top-large:0px;--awb-spacing-right-large:3.84%;--awb-margin-bottom-large:20px;--awb-spacing-left-large:3.84%;--awb-width-medium:100%;--awb-order-medium:0;--awb-spacing-right-medium:1.92%;--awb-spacing-left-medium:1.92%;--awb-width-small:100%;--awb-order-small:0;--awb-spacing-right-small:1.92%;--awb-spacing-left-small:1.92%;\"><div class=\"fusion-column-wrapper fusion-column-has-shadow fusion-flex-justify-content-flex-start fusion-content-layout-column\"><div class=\"fusion-image-element \" style=\"text-align:right;--awb-caption-title-font-family:var(--h2_typography-font-family);--awb-caption-title-font-weight:var(--h2_typography-font-weight);--awb-caption-title-font-style:var(--h2_typography-font-style);--awb-caption-title-size:var(--h2_typography-font-size);--awb-caption-title-transform:var(--h2_typography-text-transform);--awb-caption-title-line-height:var(--h2_typography-line-height);--awb-caption-title-letter-spacing:var(--h2_typography-letter-spacing);\"><span class=\" fusion-imageframe imageframe-none imageframe-2 hover-type-none\" class=\"image-magnify\" class=\"image-scroll\"><img decoding=\"async\" width=\"300\" height=\"300\" title=\"3054613\" src=\"https:\/\/mrsoftart.com\/wp-content\/uploads\/2022\/01\/3054613.jpg\" data-orig-src=\"http:\/\/mrsoftart.com\/wp-content\/uploads\/2022\/01\/3054613-300x300.jpg\" alt class=\"lazyload img-responsive wp-image-982\" srcset=\"data:image\/svg+xml,%3Csvg%20xmlns%3D%27http%3A%2F%2Fwww.w3.org%2F2000%2Fsvg%27%20width%3D%272000%27%20height%3D%272000%27%20viewBox%3D%270%200%202000%202000%27%3E%3Crect%20width%3D%272000%27%20height%3D%272000%27%20fill-opacity%3D%220%22%2F%3E%3C%2Fsvg%3E\" data-srcset=\"https:\/\/mrsoftart.com\/wp-content\/uploads\/2022\/01\/3054613-200x200.jpg 200w, https:\/\/mrsoftart.com\/wp-content\/uploads\/2022\/01\/3054613-400x400.jpg 400w, https:\/\/mrsoftart.com\/wp-content\/uploads\/2022\/01\/3054613-600x600.jpg 600w, https:\/\/mrsoftart.com\/wp-content\/uploads\/2022\/01\/3054613-800x800.jpg 800w, https:\/\/mrsoftart.com\/wp-content\/uploads\/2022\/01\/3054613-1200x1200.jpg 1200w, https:\/\/mrsoftart.com\/wp-content\/uploads\/2022\/01\/3054613.jpg 2000w\" data-sizes=\"auto\" data-orig-sizes=\"(max-width: 1020px) 100vw, (max-width: 640px) 100vw, 600px\" \/><\/span><\/div><\/div><\/div><\/div><\/div><div class=\"fusion-fullwidth fullwidth-box fusion-builder-row-2 fusion-flex-container has-pattern-background has-mask-background nonhundred-percent-fullwidth non-hundred-percent-height-scrolling\" style=\"--awb-border-radius-top-left:0px;--awb-border-radius-top-right:0px;--awb-border-radius-bottom-right:0px;--awb-border-radius-bottom-left:0px;\" ><div class=\"fusion-builder-row fusion-row fusion-flex-align-items-flex-start\" style=\"max-width:1216.8px;margin-left: calc(-4% \/ 2 );margin-right: calc(-4% \/ 2 );\"><div class=\"fusion-layout-column fusion_builder_column fusion-builder-column-4 fusion_builder_column_1_1 1_1 fusion-flex-column\" style=\"--awb-bg-size:cover;--awb-width-large:100%;--awb-margin-top-large:0px;--awb-spacing-right-large:1.92%;--awb-margin-bottom-large:20px;--awb-spacing-left-large:1.92%;--awb-width-medium:100%;--awb-order-medium:0;--awb-spacing-right-medium:1.92%;--awb-spacing-left-medium:1.92%;--awb-width-small:100%;--awb-order-small:0;--awb-spacing-right-small:1.92%;--awb-spacing-left-small:1.92%;\"><div class=\"fusion-column-wrapper fusion-column-has-shadow fusion-flex-justify-content-flex-start fusion-content-layout-column\"><div class=\"fusion-title title fusion-title-1 fusion-sep-none fusion-title-center fusion-title-text fusion-title-size-one\" style=\"--awb-text-color:#c48923;\"><h1 class=\"title-heading-center fusion-responsive-typography-calculated\" style=\"margin:0;--fontSize:58;line-height:0.83;\"><p style=\"text-align: center;\">Doriti o Analiza Gratuita?<\/p><\/h1><\/div><div class=\"fusion-form fusion-form-builder fusion-form-form-wrapper fusion-form-840\" style=\"--awb-tooltip-text-color:#ffffff;--awb-tooltip-background-color:#333333;--awb-field-margin-top:15px;--awb-field-margin-bottom:15px;\" data-form-id=\"840\" data-config=\"{&quot;form_id&quot;:&quot;840&quot;,&quot;form_post_id&quot;:&quot;840&quot;,&quot;post_id&quot;:979,&quot;form_type&quot;:&quot;ajax&quot;,&quot;confirmation_type&quot;:&quot;&quot;,&quot;redirect_url&quot;:&quot;&quot;,&quot;field_labels&quot;:{&quot;your_name&quot;:&quot;Nume , Prenume&quot;,&quot;your_email&quot;:&quot;Email&quot;,&quot;your_message&quot;:&quot;mesajul tau&quot;,&quot;numar_de_telefon&quot;:&quot;Numar de telefon&quot;},&quot;field_logics&quot;:{&quot;your_name&quot;:&quot;&quot;,&quot;your_email&quot;:&quot;&quot;,&quot;your_message&quot;:&quot;&quot;,&quot;numar_de_telefon&quot;:&quot;&quot;,&quot;notice_1&quot;:&quot;&quot;},&quot;field_types&quot;:{&quot;your_name&quot;:&quot;text&quot;,&quot;your_email&quot;:&quot;email&quot;,&quot;your_message&quot;:&quot;textarea&quot;,&quot;numar_de_telefon&quot;:&quot;phone_number&quot;,&quot;submit_1&quot;:&quot;submit&quot;,&quot;notice_1&quot;:&quot;notice&quot;},&quot;nonce_method&quot;:&quot;ajax&quot;}\"><form action=\"https:\/\/mrsoftart.com\/ro\/app\/\" method=\"method\" class=\"fusion-form fusion-form-840\"><div class=\"fusion-fullwidth fullwidth-box fusion-builder-row-2-1 fusion-flex-container nonhundred-percent-fullwidth non-hundred-percent-height-scrolling\" style=\"--awb-border-radius-top-left:0px;--awb-border-radius-top-right:0px;--awb-border-radius-bottom-right:0px;--awb-border-radius-bottom-left:0px;\" ><div class=\"fusion-builder-row fusion-row fusion-flex-align-items-flex-start\" style=\"width:104% !important;max-width:104% !important;margin-left: calc(-4% \/ 2 );margin-right: calc(-4% \/ 2 );\"><div class=\"fusion-layout-column fusion_builder_column fusion-builder-column-5 fusion_builder_column_1_2 1_2 fusion-flex-column\" style=\"--awb-bg-size:cover;--awb-width-large:50%;--awb-margin-top-large:0px;--awb-spacing-right-large:3.84%;--awb-margin-bottom-large:0px;--awb-spacing-left-large:3.84%;--awb-width-medium:100%;--awb-order-medium:0;--awb-spacing-right-medium:1.92%;--awb-spacing-left-medium:1.92%;--awb-width-small:100%;--awb-order-small:0;--awb-spacing-right-small:1.92%;--awb-spacing-left-small:1.92%;\"><div class=\"fusion-column-wrapper fusion-column-has-shadow fusion-flex-justify-content-flex-start fusion-content-layout-column\"><div class=\"fusion-form-field fusion-form-text-field fusion-form-label-above\" style=\"\" data-form-id=\"840\"><div class=\"fusion-form-label-wrapper\"><label for=\"your_name\">Nume , Prenume <abbr class=\"fusion-form-element-required\" title=\"required\">*<\/abbr><\/label><\/div><input type=\"text\" name=\"your_name\" id=\"your_name\" value=\"\"  class=\"fusion-form-input\" required=\"true\" aria-required=\"true\" data-holds-private-data=\"false\" minlength=\"0\"\/><\/div><\/div><\/div><div class=\"fusion-layout-column fusion_builder_column fusion-builder-column-6 fusion_builder_column_1_2 1_2 fusion-flex-column\" style=\"--awb-bg-size:cover;--awb-width-large:50%;--awb-margin-top-large:0px;--awb-spacing-right-large:3.84%;--awb-margin-bottom-large:0px;--awb-spacing-left-large:3.84%;--awb-width-medium:100%;--awb-order-medium:0;--awb-spacing-right-medium:1.92%;--awb-spacing-left-medium:1.92%;--awb-width-small:100%;--awb-order-small:0;--awb-spacing-right-small:1.92%;--awb-spacing-left-small:1.92%;\"><div class=\"fusion-column-wrapper fusion-column-has-shadow fusion-flex-justify-content-flex-start fusion-content-layout-column\"><div class=\"fusion-form-field fusion-form-email-field fusion-form-label-above\" style=\"\" data-form-id=\"840\"><div class=\"fusion-form-label-wrapper\"><label for=\"your_email\">Email<\/label><\/div><input type=\"email\" name=\"your_email\" id=\"your_email\" value=\"\"  class=\"fusion-form-input\" data-holds-private-data=\"false\"\/><\/div><\/div><\/div><div class=\"fusion-layout-column fusion_builder_column fusion-builder-column-7 fusion_builder_column_1_1 1_1 fusion-flex-column\" style=\"--awb-bg-size:cover;--awb-width-large:100%;--awb-margin-top-large:0px;--awb-spacing-right-large:1.92%;--awb-margin-bottom-large:0px;--awb-spacing-left-large:1.92%;--awb-width-medium:100%;--awb-order-medium:0;--awb-spacing-right-medium:1.92%;--awb-spacing-left-medium:1.92%;--awb-width-small:100%;--awb-order-small:0;--awb-spacing-right-small:1.92%;--awb-spacing-left-small:1.92%;\"><div class=\"fusion-column-wrapper fusion-column-has-shadow fusion-flex-justify-content-flex-start fusion-content-layout-column\"><div class=\"fusion-form-field fusion-form-textarea-field fusion-form-label-above\" style=\"\" data-form-id=\"840\"><label for=\"your_message\">mesajul tau<\/label><textarea cols=\"40\"  minlength=\"0\"  rows=\"6\" tabindex=\"\" id=\"your_message\" name=\"your_message\" class=\"fusion-form-input\" data-holds-private-data=\"false\"><\/textarea><\/div><div class=\"fusion-form-field fusion-form-phone-number-field fusion-form-label-above\" style=\"\" data-form-id=\"840\"><div class=\"fusion-form-label-wrapper\"><label for=\"numar_de_telefon\">Numar de telefon<\/label><\/div><div class=\"fusion-form-input-with-icon\"><i class=\"awb-form-icon fa-phone-square-alt fas\"><\/i><input type=\"tel\" name=\"numar_de_telefon\" id=\"numar_de_telefon\" value=\"\"  class=\"fusion-form-input\" data-holds-private-data=\"false\"\/><\/div><\/div><div class=\"fusion-form-field fusion-form-submit-field fusion-form-label-above\" style=\"\" data-form-id=\"840\"><div ><button type=\"submit\" class=\"fusion-button button-flat fusion-button-default-size button-default fusion-button-default button-3 fusion-button-default-span  form-form-submit button-default\" data-form-number=\"840\" tabindex=\"\"><span class=\"fusion-button-text\">Trimite<\/span><\/button><\/div><\/div><\/div><\/div><div class=\"fusion-layout-column fusion_builder_column fusion-builder-column-8 fusion_builder_column_1_1 1_1 fusion-flex-column\" style=\"--awb-bg-size:cover;--awb-width-large:100%;--awb-margin-top-large:20px;--awb-spacing-right-large:1.92%;--awb-margin-bottom-large:0px;--awb-spacing-left-large:1.92%;--awb-width-medium:100%;--awb-order-medium:0;--awb-spacing-right-medium:1.92%;--awb-spacing-left-medium:1.92%;--awb-width-small:100%;--awb-order-small:0;--awb-spacing-right-small:1.92%;--awb-spacing-left-small:1.92%;\"><div class=\"fusion-column-wrapper fusion-column-has-shadow fusion-flex-justify-content-flex-start fusion-content-layout-column\"><div class=\"form-submission-notices data-notice_1\" id=\"fusion-notices-1\"><div class=\"fusion-alert alert success alert-success fusion-alert-center fusion-form-response fusion-form-response-success fusion-alert-capitalize alert-dismissable\" role=\"alert\"><div class=\"fusion-alert-content-wrapper\"><span class=\"alert-icon\"><i class=\"awb-icon-check-circle\" aria-hidden=\"true\"><\/i><\/span><span class=\"fusion-alert-content\">Multumesc pentru mesajul tau. mesajul tau a fost trimis.<\/span><\/div><button type=\"button\" class=\"close toggle-alert\" data-dismiss=\"alert\" aria-label=\"Close\">&times;<\/button><\/div><div class=\"fusion-alert alert error alert-danger fusion-alert-center fusion-form-response fusion-form-response-error fusion-alert-capitalize alert-dismissable\" role=\"alert\"><div class=\"fusion-alert-content-wrapper\"><span class=\"alert-icon\"><i class=\"awb-icon-exclamation-triangle\" aria-hidden=\"true\"><\/i><\/span><span class=\"fusion-alert-content\">A ap\u0103rut o eroare la \u00eencercarea de a trimite mesajul dvs. V\u0103 rug\u0103m s\u0103 \u00eencerca\u021bi din nou mai t\u00e2rziu.<\/span><\/div><button type=\"button\" class=\"close toggle-alert\" data-dismiss=\"alert\" aria-label=\"Close\">&times;<\/button><\/div><\/div><\/div><\/div><\/div><\/div><input type=\"hidden\" name=\"fusion_privacy_store_ip_ua\" value=\"false\"><input type=\"hidden\" name=\"fusion_privacy_expiration_interval\" value=\"48\"><input type=\"hidden\" name=\"privacy_expiration_action\" value=\"anonymize\"><\/form><\/div><div class=\"fusion-text fusion-text-3 fusion-text-no-margin\" style=\"--awb-font-size:25px;--awb-text-color:#d17d1d;--awb-margin-bottom:-20px;\"><p style=\"text-align: center;\"><b data-fusion-font=\"true\">Suna la numarul de mai jos pentru consultanta rapida.<\/b><\/p>\n<\/div><div class=\"fusion-text fusion-text-4\" style=\"--awb-font-size:25px;--awb-text-color:#000000;\"><p style=\"text-align: center;\"><strong>Phone United state\u00a0 :\u00a0<span aria-label=\"Call phone number +1 212-220-6655\">+1 917-601-2889<\/span><\/strong><\/p>\n<p style=\"text-align: center;\"><strong>Phone Romania : +40 738-157-674<\/strong><\/p>\n<\/div><\/div><\/div><\/div><\/div>\n","protected":false},"excerpt":{"rendered":"Dezvoltare aplicatii Android Echipa noastra dezvolta aplicatii pentru pietele B2B\/B2E si B2C. Aplicatiile dezvoltate de noi ajuta companiile sa-si extinda acoperirea la milioane de utilizatori Android, sa construiasca noi [...]","protected":false},"author":1,"featured_media":0,"parent":0,"menu_order":0,"comment_status":"closed","ping_status":"closed","template":"","meta":{"content-type":"","footnotes":""},"class_list":["post-979","page","type-page","status-publish","hentry"],"_links":{"self":[{"href":"https:\/\/mrsoftart.com\/ro\/wp-json\/wp\/v2\/pages\/979","targetHints":{"allow":["GET"]}}],"collection":[{"href":"https:\/\/mrsoftart.com\/ro\/wp-json\/wp\/v2\/pages"}],"about":[{"href":"https:\/\/mrsoftart.com\/ro\/wp-json\/wp\/v2\/types\/page"}],"author":[{"embeddable":true,"href":"https:\/\/mrsoftart.com\/ro\/wp-json\/wp\/v2\/users\/1"}],"replies":[{"embeddable":true,"href":"https:\/\/mrsoftart.com\/ro\/wp-json\/wp\/v2\/comments?post=979"}],"version-history":[{"count":7,"href":"https:\/\/mrsoftart.com\/ro\/wp-json\/wp\/v2\/pages\/979\/revisions"}],"predecessor-version":[{"id":1099,"href":"https:\/\/mrsoftart.com\/ro\/wp-json\/wp\/v2\/pages\/979\/revisions\/1099"}],"wp:attachment":[{"href":"https:\/\/mrsoftart.com\/ro\/wp-json\/wp\/v2\/media?parent=979"}],"curies":[{"name":"wp","href":"https:\/\/api.w.org\/{rel}","templated":true}]}}