{"id":974,"date":"2022-01-30T14:19:03","date_gmt":"2022-01-30T14:19:03","guid":{"rendered":"http:\/\/mrsoftart.com\/?page_id=974"},"modified":"2025-01-25T02:36:52","modified_gmt":"2025-01-25T02:36:52","slug":"website","status":"publish","type":"page","link":"https:\/\/mrsoftart.com\/en\/website\/","title":{"rendered":"Website"},"content":{"rendered":"<div class=\"fusion-fullwidth fullwidth-box fusion-builder-row-1 fusion-flex-container nonhundred-percent-fullwidth non-hundred-percent-height-scrolling\" style=\"--awb-border-radius-top-left:0px;--awb-border-radius-top-right:0px;--awb-border-radius-bottom-right:0px;--awb-border-radius-bottom-left:0px;\" ><div class=\"fusion-builder-row fusion-row fusion-flex-align-items-flex-start\" style=\"max-width:1216.8px;margin-left: calc(-4% \/ 2 );margin-right: calc(-4% \/ 2 );\"><div class=\"fusion-layout-column fusion_builder_column fusion-builder-column-0 fusion_builder_column_1_2 1_2 fusion-flex-column\" style=\"--awb-bg-size:cover;--awb-width-large:50%;--awb-margin-top-large:0px;--awb-spacing-right-large:3.84%;--awb-margin-bottom-large:20px;--awb-spacing-left-large:3.84%;--awb-width-medium:100%;--awb-order-medium:0;--awb-spacing-right-medium:1.92%;--awb-spacing-left-medium:1.92%;--awb-width-small:100%;--awb-order-small:0;--awb-spacing-right-small:1.92%;--awb-spacing-left-small:1.92%;\"><div class=\"fusion-column-wrapper fusion-column-has-shadow fusion-flex-justify-content-flex-start fusion-content-layout-column\"><div class=\"fusion-image-element\" style=\"text-align:center;--awb-caption-title-font-family:var(--h2_typography-font-family);--awb-caption-title-font-weight:var(--h2_typography-font-weight);--awb-caption-title-font-style:var(--h2_typography-font-style);--awb-caption-title-size:var(--h2_typography-font-size);--awb-caption-title-transform:var(--h2_typography-text-transform);--awb-caption-title-line-height:var(--h2_typography-line-height);--awb-caption-title-letter-spacing:var(--h2_typography-letter-spacing);\"><span class=\"fusion-imageframe imageframe-none imageframe-1 hover-type-none\"><img decoding=\"async\" width=\"300\" height=\"200\" title=\"Web design development concept vector illustration\" src=\"https:\/\/mrsoftart.com\/wp-content\/uploads\/2022\/01\/OrgCoral_Ofc-01_Concept-06-scaled.jpg\" data-orig-src=\"http:\/\/mrsoftart.com\/wp-content\/uploads\/2022\/01\/OrgCoral_Ofc-01_Concept-06-300x200.jpg\" alt class=\"lazyload img-responsive wp-image-975\" srcset=\"data:image\/svg+xml,%3Csvg%20xmlns%3D%27http%3A%2F%2Fwww.w3.org%2F2000%2Fsvg%27%20width%3D%272560%27%20height%3D%271707%27%20viewBox%3D%270%200%202560%201707%27%3E%3Crect%20width%3D%272560%27%20height%3D%271707%27%20fill-opacity%3D%220%22%2F%3E%3C%2Fsvg%3E\" data-srcset=\"https:\/\/mrsoftart.com\/wp-content\/uploads\/2022\/01\/OrgCoral_Ofc-01_Concept-06-200x133.jpg 200w, https:\/\/mrsoftart.com\/wp-content\/uploads\/2022\/01\/OrgCoral_Ofc-01_Concept-06-400x267.jpg 400w, https:\/\/mrsoftart.com\/wp-content\/uploads\/2022\/01\/OrgCoral_Ofc-01_Concept-06-600x400.jpg 600w, https:\/\/mrsoftart.com\/wp-content\/uploads\/2022\/01\/OrgCoral_Ofc-01_Concept-06-800x533.jpg 800w, https:\/\/mrsoftart.com\/wp-content\/uploads\/2022\/01\/OrgCoral_Ofc-01_Concept-06-1200x800.jpg 1200w, https:\/\/mrsoftart.com\/wp-content\/uploads\/2022\/01\/OrgCoral_Ofc-01_Concept-06-scaled.jpg 2560w\" data-sizes=\"auto\" data-orig-sizes=\"(max-width: 1020px) 100vw, (max-width: 640px) 100vw, 600px\" \/><\/span><\/div><\/div><\/div><div class=\"fusion-layout-column fusion_builder_column fusion-builder-column-1 fusion_builder_column_1_2 1_2 fusion-flex-column\" style=\"--awb-bg-size:cover;--awb-width-large:50%;--awb-margin-top-large:0px;--awb-spacing-right-large:3.84%;--awb-margin-bottom-large:20px;--awb-spacing-left-large:3.84%;--awb-width-medium:100%;--awb-order-medium:0;--awb-spacing-right-medium:1.92%;--awb-spacing-left-medium:1.92%;--awb-width-small:100%;--awb-order-small:0;--awb-spacing-right-small:1.92%;--awb-spacing-left-small:1.92%;\"><div class=\"fusion-column-wrapper fusion-column-has-shadow fusion-flex-justify-content-flex-start fusion-content-layout-column\"><div class=\"fusion-text fusion-text-1\"><section class=\"elementor-section elementor-inner-section elementor-element elementor-element-77d53a2 elementor-section-boxed elementor-section-height-default elementor-section-height-default\" data-id=\"77d53a2\" data-element_type=\"section\">\n<div class=\"elementor-container elementor-column-gap-no\">\n<div class=\"elementor-column elementor-col-100 elementor-inner-column elementor-element elementor-element-e2f2388\" data-id=\"e2f2388\" data-element_type=\"column\">\n<div class=\"elementor-widget-wrap elementor-element-populated\">\n<div class=\"elementor-element elementor-element-9359878 elementor-widget elementor-widget-leverage-heading\" data-id=\"9359878\" data-element_type=\"widget\" data-widget_type=\"leverage-heading.default\">\n<div class=\"elementor-widget-container\">\n<div class=\"text-left\">\n<h2 class=\"heading featured\">Website creation and web design<\/h2>\n<\/div>\n<\/div>\n<\/div>\n<div class=\"elementor-element elementor-element-8883d4a elementor-widget elementor-widget-leverage-paragraph\" data-id=\"8883d4a\" data-element_type=\"widget\" data-widget_type=\"leverage-paragraph.default\">\n<div class=\"elementor-widget-container\">\n<div class=\"text-left\">\n<p class=\"paragraph\">Any current business needs an effective online presence. To benefit from the best website creation services, you need a team of professionals, with experience, to take care of the smallest details of the design, programming and creation of the website.<\/p>\n<\/div>\n<\/div>\n<\/div>\n<\/div>\n<\/div>\n<\/div>\n<\/section>\n<section class=\"elementor-section elementor-inner-section elementor-element elementor-element-245c985 elementor-section-boxed elementor-section-height-default elementor-section-height-default\" data-id=\"245c985\" data-element_type=\"section\">\n<div class=\"elementor-container elementor-column-gap-no\">\n<div class=\"elementor-column elementor-col-50 elementor-inner-column elementor-element elementor-element-49a84e8\" data-id=\"49a84e8\" data-element_type=\"column\">\n<div class=\"elementor-widget-wrap elementor-element-populated\">\n<div class=\"elementor-element elementor-element-7664199 elementor-widget elementor-widget-leverage-icon\" data-id=\"7664199\" data-element_type=\"widget\" data-widget_type=\"leverage-icon.default\">\n<div class=\"elementor-widget-container\">\n<div class=\"icon-wrapper mr-auto\"><\/div>\n<\/div>\n<\/div>\n<\/div>\n<\/div>\n<div class=\"elementor-column elementor-col-50 elementor-inner-column elementor-element elementor-element-ef34850\" data-id=\"ef34850\" data-element_type=\"column\">\n<div class=\"elementor-widget-wrap elementor-element-populated\">\n<div class=\"elementor-element elementor-element-d2155cb elementor-widget elementor-widget-leverage-heading\" data-id=\"d2155cb\" data-element_type=\"widget\" data-widget_type=\"leverage-heading.default\">\n<div class=\"elementor-widget-container\">\n<div class=\"text-left\">\n<h4 class=\"heading\">Continued growth<\/h4>\n<\/div>\n<\/div>\n<\/div>\n<div class=\"elementor-element elementor-element-5f4a24d elementor-widget elementor-widget-leverage-paragraph\" data-id=\"5f4a24d\" data-element_type=\"widget\" data-widget_type=\"leverage-paragraph.default\">\n<div class=\"elementor-widget-container\">\n<div class=\"text-left\">\n<p class=\"paragraph\">The number of websites is increasing and technology is imposing new standards in terms of development, creation and optimization. That is precisely why creating a website adapted to today's technical level, the preferences of current users and the demands of search engines is a must-have for any business.<\/p>\n<\/div>\n<\/div>\n<\/div>\n<\/div>\n<\/div>\n<\/div>\n<\/section>\n<section class=\"elementor-section elementor-inner-section elementor-element elementor-element-714ef96 elementor-section-boxed elementor-section-height-default elementor-section-height-default\" data-id=\"714ef96\" data-element_type=\"section\">\n<div class=\"elementor-container elementor-column-gap-no\">\n<div class=\"elementor-column elementor-col-50 elementor-inner-column elementor-element elementor-element-55db8f8\" data-id=\"55db8f8\" data-element_type=\"column\">\n<div class=\"elementor-widget-wrap elementor-element-populated\">\n<div class=\"elementor-element elementor-element-9efccc7 elementor-widget elementor-widget-leverage-icon\" data-id=\"9efccc7\" data-element_type=\"widget\" data-widget_type=\"leverage-icon.default\">\n<div class=\"elementor-widget-container\">\n<div class=\"icon-wrapper mr-auto\"><\/div>\n<\/div>\n<\/div>\n<\/div>\n<\/div>\n<div class=\"elementor-column elementor-col-50 elementor-inner-column elementor-element elementor-element-3fa4d7d\" data-id=\"3fa4d7d\" data-element_type=\"column\">\n<div class=\"elementor-widget-wrap elementor-element-populated\">\n<div class=\"elementor-element elementor-element-de2d2d5 elementor-widget elementor-widget-leverage-heading\" data-id=\"de2d2d5\" data-element_type=\"widget\" data-widget_type=\"leverage-heading.default\">\n<div class=\"elementor-widget-container\">\n<div class=\"text-left\">\n<h4 class=\"heading\">Specialized services<\/h4>\n<\/div>\n<\/div>\n<\/div>\n<div class=\"elementor-element elementor-element-ee1fb4f elementor-widget elementor-widget-leverage-paragraph\" data-id=\"ee1fb4f\" data-element_type=\"widget\" data-widget_type=\"leverage-paragraph.default\">\n<div class=\"elementor-widget-container\">\n<div class=\"text-left\">\n<p class=\"paragraph\">The success of a business can be ensured by using the specialized website creation services of a dedicated agency. If it deals professionally with all the defining aspects to develop an online presence of the highest standards, the positive results will be permanent and always visible.<\/p>\n<\/div>\n<\/div>\n<\/div>\n<\/div>\n<\/div>\n<\/div>\n<\/section>\n<section class=\"elementor-section elementor-inner-section elementor-element elementor-element-295a2ee elementor-section-boxed elementor-section-height-default elementor-section-height-default\" data-id=\"295a2ee\" data-element_type=\"section\">\n<div class=\"elementor-container elementor-column-gap-no\">\n<div class=\"elementor-column elementor-col-50 elementor-inner-column elementor-element elementor-element-feb58c3\" data-id=\"feb58c3\" data-element_type=\"column\">\n<div class=\"elementor-widget-wrap elementor-element-populated\">\n<div class=\"elementor-element elementor-element-6a42a66 elementor-widget elementor-widget-leverage-icon\" data-id=\"6a42a66\" data-element_type=\"widget\" data-widget_type=\"leverage-icon.default\">\n<div class=\"elementor-widget-container\">\n<div class=\"icon-wrapper mr-auto\"><\/div>\n<\/div>\n<\/div>\n<\/div>\n<\/div>\n<div class=\"elementor-column elementor-col-50 elementor-inner-column elementor-element elementor-element-842c4ae\" data-id=\"842c4ae\" data-element_type=\"column\">\n<div class=\"elementor-widget-wrap elementor-element-populated\">\n<div class=\"elementor-element elementor-element-e9ad0ea elementor-widget elementor-widget-leverage-heading\" data-id=\"e9ad0ea\" data-element_type=\"widget\" data-widget_type=\"leverage-heading.default\">\n<div class=\"elementor-widget-container\">\n<div class=\"text-left\">\n<h4 class=\"heading\">Website structuring<\/h4>\n<\/div>\n<\/div>\n<\/div>\n<div class=\"elementor-element elementor-element-b72a01f elementor-widget elementor-widget-leverage-paragraph\" data-id=\"b72a01f\" data-element_type=\"widget\" data-widget_type=\"leverage-paragraph.default\">\n<div class=\"elementor-widget-container\">\n<div class=\"text-left\">\n<p class=\"paragraph\">The way in which we choose to structure and realize the website of the company, of the brand or the products \/ services that a company delivers, reflects our own vision and it is necessary that it be passed on correctly, coherently, efficiently, agreeably and simply to visitors (current or future customers and prospects).<\/p>\n<\/div>\n<\/div>\n<\/div>\n<\/div>\n<\/div>\n<\/div>\n<\/section>\n<\/div><div ><a class=\"fusion-button button-flat fusion-button-default-size button-default fusion-button-default button-1 fusion-button-default-span fusion-button-default-type\" target=\"_self\" href=\"http:\/\/mrsoftart.com\/contact\/\"><span class=\"fusion-button-text\">Contact us<\/span><\/a><\/div><\/div><\/div><\/div><\/div><div class=\"fusion-fullwidth fullwidth-box fusion-builder-row-2 fusion-flex-container has-pattern-background has-mask-background nonhundred-percent-fullwidth non-hundred-percent-height-scrolling\" style=\"--awb-border-radius-top-left:0px;--awb-border-radius-top-right:0px;--awb-border-radius-bottom-right:0px;--awb-border-radius-bottom-left:0px;\" ><div class=\"fusion-builder-row fusion-row fusion-flex-align-items-flex-start\" style=\"max-width:1216.8px;margin-left: calc(-4% \/ 2 );margin-right: calc(-4% \/ 2 );\"><div class=\"fusion-layout-column fusion_builder_column fusion-builder-column-2 fusion_builder_column_1_1 1_1 fusion-flex-column\" style=\"--awb-bg-size:cover;--awb-width-large:100%;--awb-margin-top-large:0px;--awb-spacing-right-large:1.92%;--awb-margin-bottom-large:20px;--awb-spacing-left-large:1.92%;--awb-width-medium:100%;--awb-order-medium:0;--awb-spacing-right-medium:1.92%;--awb-spacing-left-medium:1.92%;--awb-width-small:100%;--awb-order-small:0;--awb-spacing-right-small:1.92%;--awb-spacing-left-small:1.92%;\"><div class=\"fusion-column-wrapper fusion-column-has-shadow fusion-flex-justify-content-flex-start fusion-content-layout-column\"><div class=\"fusion-title title fusion-title-1 fusion-sep-none fusion-title-center fusion-title-text fusion-title-size-one\" style=\"--awb-text-color:#c48923;\"><h1 class=\"title-heading-center fusion-responsive-typography-calculated\" style=\"margin:0;--fontSize:58;line-height:0.83;\"><p style=\"text-align: center;\">Do you want a Free Analysis?<\/p><\/h1><\/div><div class=\"fusion-form fusion-form-builder fusion-form-form-wrapper fusion-form-840\" style=\"--awb-tooltip-text-color:#ffffff;--awb-tooltip-background-color:#333333;--awb-field-margin-top:15px;--awb-field-margin-bottom:15px;\" data-form-id=\"840\" data-config=\"{&quot;form_id&quot;:&quot;840&quot;,&quot;form_post_id&quot;:&quot;840&quot;,&quot;post_id&quot;:974,&quot;form_type&quot;:&quot;ajax&quot;,&quot;confirmation_type&quot;:&quot;&quot;,&quot;redirect_url&quot;:&quot;&quot;,&quot;field_labels&quot;:{&quot;your_name&quot;:&quot;Nume , Prenume&quot;,&quot;your_email&quot;:&quot;Email&quot;,&quot;your_message&quot;:&quot;mesajul tau&quot;,&quot;numar_de_telefon&quot;:&quot;Numar de telefon&quot;},&quot;field_logics&quot;:{&quot;your_name&quot;:&quot;&quot;,&quot;your_email&quot;:&quot;&quot;,&quot;your_message&quot;:&quot;&quot;,&quot;numar_de_telefon&quot;:&quot;&quot;,&quot;notice_1&quot;:&quot;&quot;},&quot;field_types&quot;:{&quot;your_name&quot;:&quot;text&quot;,&quot;your_email&quot;:&quot;email&quot;,&quot;your_message&quot;:&quot;textarea&quot;,&quot;numar_de_telefon&quot;:&quot;phone_number&quot;,&quot;submit_1&quot;:&quot;submit&quot;,&quot;notice_1&quot;:&quot;notice&quot;},&quot;nonce_method&quot;:&quot;ajax&quot;}\"><form action=\"https:\/\/mrsoftart.com\/en\/website\/\" method=\"method\" class=\"fusion-form fusion-form-840\" data-trp-original-action=\"https:\/\/mrsoftart.com\/en\/website\/\"><div class=\"fusion-fullwidth fullwidth-box fusion-builder-row-2-1 fusion-flex-container nonhundred-percent-fullwidth non-hundred-percent-height-scrolling\" style=\"--awb-border-radius-top-left:0px;--awb-border-radius-top-right:0px;--awb-border-radius-bottom-right:0px;--awb-border-radius-bottom-left:0px;\" ><div class=\"fusion-builder-row fusion-row fusion-flex-align-items-flex-start\" style=\"width:104% !important;max-width:104% !important;margin-left: calc(-4% \/ 2 );margin-right: calc(-4% \/ 2 );\"><div class=\"fusion-layout-column fusion_builder_column fusion-builder-column-3 fusion_builder_column_1_2 1_2 fusion-flex-column\" style=\"--awb-bg-size:cover;--awb-width-large:50%;--awb-margin-top-large:0px;--awb-spacing-right-large:3.84%;--awb-margin-bottom-large:0px;--awb-spacing-left-large:3.84%;--awb-width-medium:100%;--awb-order-medium:0;--awb-spacing-right-medium:1.92%;--awb-spacing-left-medium:1.92%;--awb-width-small:100%;--awb-order-small:0;--awb-spacing-right-small:1.92%;--awb-spacing-left-small:1.92%;\"><div class=\"fusion-column-wrapper fusion-column-has-shadow fusion-flex-justify-content-flex-start fusion-content-layout-column\"><div class=\"fusion-form-field fusion-form-text-field fusion-form-label-above\" style=\"\" data-form-id=\"840\"><div class=\"fusion-form-label-wrapper\"><label for=\"your_name\">Name and surname <abbr class=\"fusion-form-element-required\" title=\"required\">*<\/abbr><\/label><\/div><input type=\"text\" name=\"your_name\" id=\"your_name\" value=\"\"  class=\"fusion-form-input\" required=\"true\" aria-required=\"true\" data-holds-private-data=\"false\" minlength=\"0\"\/><\/div><\/div><\/div><div class=\"fusion-layout-column fusion_builder_column fusion-builder-column-4 fusion_builder_column_1_2 1_2 fusion-flex-column\" style=\"--awb-bg-size:cover;--awb-width-large:50%;--awb-margin-top-large:0px;--awb-spacing-right-large:3.84%;--awb-margin-bottom-large:0px;--awb-spacing-left-large:3.84%;--awb-width-medium:100%;--awb-order-medium:0;--awb-spacing-right-medium:1.92%;--awb-spacing-left-medium:1.92%;--awb-width-small:100%;--awb-order-small:0;--awb-spacing-right-small:1.92%;--awb-spacing-left-small:1.92%;\"><div class=\"fusion-column-wrapper fusion-column-has-shadow fusion-flex-justify-content-flex-start fusion-content-layout-column\"><div class=\"fusion-form-field fusion-form-email-field fusion-form-label-above\" style=\"\" data-form-id=\"840\"><div class=\"fusion-form-label-wrapper\"><label for=\"your_email\">Email<\/label><\/div><input type=\"email\" name=\"your_email\" id=\"your_email\" value=\"\"  class=\"fusion-form-input\" data-holds-private-data=\"false\"\/><\/div><\/div><\/div><div class=\"fusion-layout-column fusion_builder_column fusion-builder-column-5 fusion_builder_column_1_1 1_1 fusion-flex-column\" style=\"--awb-bg-size:cover;--awb-width-large:100%;--awb-margin-top-large:0px;--awb-spacing-right-large:1.92%;--awb-margin-bottom-large:0px;--awb-spacing-left-large:1.92%;--awb-width-medium:100%;--awb-order-medium:0;--awb-spacing-right-medium:1.92%;--awb-spacing-left-medium:1.92%;--awb-width-small:100%;--awb-order-small:0;--awb-spacing-right-small:1.92%;--awb-spacing-left-small:1.92%;\"><div class=\"fusion-column-wrapper fusion-column-has-shadow fusion-flex-justify-content-flex-start fusion-content-layout-column\"><div class=\"fusion-form-field fusion-form-textarea-field fusion-form-label-above\" style=\"\" data-form-id=\"840\"><label for=\"your_message\">Your message<\/label><textarea cols=\"40\"  minlength=\"0\"  rows=\"6\" tabindex=\"\" id=\"your_message\" name=\"your_message\" class=\"fusion-form-input\" data-holds-private-data=\"false\"><\/textarea><\/div><div class=\"fusion-form-field fusion-form-phone-number-field fusion-form-label-above\" style=\"\" data-form-id=\"840\"><div class=\"fusion-form-label-wrapper\"><label for=\"numar_de_telefon\">Phone number<\/label><\/div><div class=\"fusion-form-input-with-icon\"><i class=\"awb-form-icon fa-phone-square-alt fas\"><\/i><input type=\"tel\" name=\"numar_de_telefon\" id=\"numar_de_telefon\" value=\"\"  class=\"fusion-form-input\" data-holds-private-data=\"false\"\/><\/div><\/div><div class=\"fusion-form-field fusion-form-submit-field fusion-form-label-above\" style=\"\" data-form-id=\"840\"><div ><button type=\"submit\" class=\"fusion-button button-flat fusion-button-default-size button-default fusion-button-default button-2 fusion-button-default-span  form-form-submit button-default\" data-form-number=\"840\" tabindex=\"\"><span class=\"fusion-button-text\">Send<\/span><\/button><\/div><\/div><\/div><\/div><div class=\"fusion-layout-column fusion_builder_column fusion-builder-column-6 fusion_builder_column_1_1 1_1 fusion-flex-column\" style=\"--awb-bg-size:cover;--awb-width-large:100%;--awb-margin-top-large:20px;--awb-spacing-right-large:1.92%;--awb-margin-bottom-large:0px;--awb-spacing-left-large:1.92%;--awb-width-medium:100%;--awb-order-medium:0;--awb-spacing-right-medium:1.92%;--awb-spacing-left-medium:1.92%;--awb-width-small:100%;--awb-order-small:0;--awb-spacing-right-small:1.92%;--awb-spacing-left-small:1.92%;\"><div class=\"fusion-column-wrapper fusion-column-has-shadow fusion-flex-justify-content-flex-start fusion-content-layout-column\"><div class=\"form-submission-notices data-notice_1\" id=\"fusion-notices-1\"><div class=\"fusion-alert alert success alert-success fusion-alert-center fusion-form-response fusion-form-response-success fusion-alert-capitalize alert-dismissable\" role=\"alert\"><div class=\"fusion-alert-content-wrapper\"><span class=\"alert-icon\"><i class=\"awb-icon-check-circle\" aria-hidden=\"true\"><\/i><\/span><span class=\"fusion-alert-content\">Multumesc pentru mesajul tau. mesajul tau a fost trimis.<\/span><\/div><button type=\"button\" class=\"close toggle-alert\" data-dismiss=\"alert\" aria-label=\"Close\">&times;<\/button><\/div><div class=\"fusion-alert alert error alert-danger fusion-alert-center fusion-form-response fusion-form-response-error fusion-alert-capitalize alert-dismissable\" role=\"alert\"><div class=\"fusion-alert-content-wrapper\"><span class=\"alert-icon\"><i class=\"awb-icon-exclamation-triangle\" aria-hidden=\"true\"><\/i><\/span><span class=\"fusion-alert-content\">A ap\u0103rut o eroare la \u00eencercarea de a trimite mesajul dvs. V\u0103 rug\u0103m s\u0103 \u00eencerca\u021bi din nou mai t\u00e2rziu.<\/span><\/div><button type=\"button\" class=\"close toggle-alert\" data-dismiss=\"alert\" aria-label=\"Close\">&times;<\/button><\/div><\/div><\/div><\/div><\/div><\/div><input type=\"hidden\" name=\"fusion_privacy_store_ip_ua\" value=\"false\"><input type=\"hidden\" name=\"fusion_privacy_expiration_interval\" value=\"48\"><input type=\"hidden\" name=\"privacy_expiration_action\" value=\"anonymize\"><input type=\"hidden\" name=\"trp-form-language\" value=\"en\"\/><\/form><\/div><div class=\"fusion-text fusion-text-2 fusion-text-no-margin\" style=\"--awb-font-size:25px;--awb-text-color:#d17d1d;--awb-margin-bottom:-30px;\"><div class=\"fusion-text fusion-text-3\">\n<p style=\"text-align: center;\"><b data-fusion-font=\"true\">Call the number below for a quick consultation.<\/b><\/p>\n<\/div>\n<div class=\"fusion-text fusion-text-4\"><\/div>\n<\/div><div class=\"fusion-text fusion-text-3 fusion-text-no-margin\" style=\"--awb-font-size:25px;--awb-text-color:#000000;--awb-margin-bottom:;\"><p style=\"text-align: center;\"><strong>Phone United state\u00a0 :\u00a0<span aria-label=\"Call phone number +1 212-220-6655\">+1 917-601-2889<\/span><\/strong><\/p>\n<p style=\"text-align: center;\"><strong>Phone Romania : +40 738-157-674<\/strong><\/p>\n<\/div><\/div><\/div><\/div><\/div>","protected":false},"excerpt":{"rendered":"Creare site \u0219i design web Orice afacere actual\u0103 are nevoie de o prezen\u021b\u0103 online c\u00e2t mai performant\u0103. Pentru a beneficia de cele mai bune servicii de creare website ave\u021bi [...]","protected":false},"author":1,"featured_media":0,"parent":0,"menu_order":0,"comment_status":"closed","ping_status":"closed","template":"","meta":{"content-type":"","footnotes":""},"class_list":["post-974","page","type-page","status-publish","hentry"],"_links":{"self":[{"href":"https:\/\/mrsoftart.com\/en\/wp-json\/wp\/v2\/pages\/974","targetHints":{"allow":["GET"]}}],"collection":[{"href":"https:\/\/mrsoftart.com\/en\/wp-json\/wp\/v2\/pages"}],"about":[{"href":"https:\/\/mrsoftart.com\/en\/wp-json\/wp\/v2\/types\/page"}],"author":[{"embeddable":true,"href":"https:\/\/mrsoftart.com\/en\/wp-json\/wp\/v2\/users\/1"}],"replies":[{"embeddable":true,"href":"https:\/\/mrsoftart.com\/en\/wp-json\/wp\/v2\/comments?post=974"}],"version-history":[{"count":9,"href":"https:\/\/mrsoftart.com\/en\/wp-json\/wp\/v2\/pages\/974\/revisions"}],"predecessor-version":[{"id":1097,"href":"https:\/\/mrsoftart.com\/en\/wp-json\/wp\/v2\/pages\/974\/revisions\/1097"}],"wp:attachment":[{"href":"https:\/\/mrsoftart.com\/en\/wp-json\/wp\/v2\/media?parent=974"}],"curies":[{"name":"wp","href":"https:\/\/api.w.org\/{rel}","templated":true}]}}